{"id":551,"date":"2022-12-21T14:25:34","date_gmt":"2022-12-21T14:25:34","guid":{"rendered":"https:\/\/padelwood.it\/?page_id=551"},"modified":"2024-06-19T14:17:58","modified_gmt":"2024-06-19T14:17:58","slug":"home-2","status":"publish","type":"page","link":"https:\/\/padelwood.it\/esp\/","title":{"rendered":"Home"},"content":{"rendered":"\t\t<div data-elementor-type=\"wp-page\" data-elementor-id=\"551\" class=\"elementor elementor-551\" data-elementor-settings=\"[]\">\n\t\t\t\t\t\t\t<div class=\"elementor-section-wrap\">\n\t\t\t\t\t\t\t<section class=\"elementor-section elementor-top-section elementor-element elementor-element-01c75af elementor-section-full_width elementor-section-height-min-height elementor-section-items-bottom elementor-section-height-default\" data-id=\"01c75af\" data-element_type=\"section\" data-settings=\"{&quot;background_background&quot;:&quot;classic&quot;}\">\n\t\t\t\t\t\t<div class=\"elementor-container elementor-column-gap-default\">\n\t\t\t\t\t<div class=\"elementor-column elementor-col-100 elementor-top-column elementor-element elementor-element-fabd99b\" data-id=\"fabd99b\" data-element_type=\"column\">\n\t\t\t<div class=\"elementor-widget-wrap elementor-element-populated\">\n\t\t\t\t\t\t\t\t<div class=\"elementor-element elementor-element-76fd4e8 elementor-widget elementor-widget-heading\" data-id=\"76fd4e8\" data-element_type=\"widget\" data-widget_type=\"heading.default\">\n\t\t\t\t<div class=\"elementor-widget-container\">\n\t\t\t<style>\/*! elementor - v3.5.5 - 03-02-2022 *\/\n.elementor-heading-title{padding:0;margin:0;line-height:1}.elementor-widget-heading .elementor-heading-title[class*=elementor-size-]>a{color:inherit;font-size:inherit;line-height:inherit}.elementor-widget-heading .elementor-heading-title.elementor-size-small{font-size:15px}.elementor-widget-heading .elementor-heading-title.elementor-size-medium{font-size:19px}.elementor-widget-heading .elementor-heading-title.elementor-size-large{font-size:29px}.elementor-widget-heading .elementor-heading-title.elementor-size-xl{font-size:39px}.elementor-widget-heading .elementor-heading-title.elementor-size-xxl{font-size:59px}<\/style><h1 class=\"elementor-heading-title elementor-size-default\">PADEL WOOD<sup>\u00ae<\/sup><\/h1>\t\t<\/div>\n\t\t\t\t<\/div>\n\t\t\t\t<div class=\"elementor-element elementor-element-a95be41 elementor-widget elementor-widget-heading\" data-id=\"a95be41\" data-element_type=\"widget\" data-widget_type=\"heading.default\">\n\t\t\t\t<div class=\"elementor-widget-container\">\n\t\t\t<h1 class=\"elementor-heading-title elementor-size-default\">Mejora tu juego<\/h1>\t\t<\/div>\n\t\t\t\t<\/div>\n\t\t\t\t<div class=\"elementor-element elementor-element-8a2920b elementor-mobile-align-center elementor-widget elementor-widget-button\" data-id=\"8a2920b\" data-element_type=\"widget\" data-widget_type=\"button.default\">\n\t\t\t\t<div class=\"elementor-widget-container\">\n\t\t\t\t\t<div class=\"elementor-button-wrapper\">\n\t\t\t<a href=\"https:\/\/padelwood.it\/esp\/prodotti\/\" class=\"elementor-button-link elementor-button elementor-size-sm\" role=\"button\">\n\t\t\t\t\t\t<span class=\"elementor-button-content-wrapper\">\n\t\t\t\t\t\t<span class=\"elementor-button-text\">detalles<\/span>\n\t\t<\/span>\n\t\t\t\t\t<\/a>\n\t\t<\/div>\n\t\t\t\t<\/div>\n\t\t\t\t<\/div>\n\t\t\t\t\t<\/div>\n\t\t<\/div>\n\t\t\t\t\t\t\t<\/div>\n\t\t<\/section>\n\t\t\t\t<section class=\"elementor-section elementor-top-section elementor-element elementor-element-88f3ff7 elementor-section-full_width elementor-section-height-default elementor-section-height-default\" data-id=\"88f3ff7\" data-element_type=\"section\" data-settings=\"{&quot;background_background&quot;:&quot;classic&quot;}\">\n\t\t\t\t\t\t<div class=\"elementor-container elementor-column-gap-default\">\n\t\t\t\t\t<div class=\"elementor-column elementor-col-100 elementor-top-column elementor-element elementor-element-09cce33\" data-id=\"09cce33\" data-element_type=\"column\">\n\t\t\t<div class=\"elementor-widget-wrap elementor-element-populated\">\n\t\t\t\t\t\t\t\t<section class=\"elementor-section elementor-inner-section elementor-element elementor-element-4d36c95 elementor-section-full_width elementor-section-height-default elementor-section-height-default\" data-id=\"4d36c95\" data-element_type=\"section\">\n\t\t\t\t\t\t<div class=\"elementor-container elementor-column-gap-default\">\n\t\t\t\t\t<div class=\"elementor-column elementor-col-50 elementor-inner-column elementor-element elementor-element-eb475e3\" data-id=\"eb475e3\" data-element_type=\"column\">\n\t\t\t<div class=\"elementor-widget-wrap elementor-element-populated\">\n\t\t\t\t\t\t\t\t<div class=\"elementor-element elementor-element-554911a elementor-widget elementor-widget-text-editor\" data-id=\"554911a\" data-element_type=\"widget\" data-widget_type=\"text-editor.default\">\n\t\t\t\t<div class=\"elementor-widget-container\">\n\t\t\t<style>\/*! elementor - v3.5.5 - 03-02-2022 *\/\n.elementor-widget-text-editor.elementor-drop-cap-view-stacked .elementor-drop-cap{background-color:#818a91;color:#fff}.elementor-widget-text-editor.elementor-drop-cap-view-framed .elementor-drop-cap{color:#818a91;border:3px solid;background-color:transparent}.elementor-widget-text-editor:not(.elementor-drop-cap-view-default) .elementor-drop-cap{margin-top:8px}.elementor-widget-text-editor:not(.elementor-drop-cap-view-default) .elementor-drop-cap-letter{width:1em;height:1em}.elementor-widget-text-editor .elementor-drop-cap{float:left;text-align:center;line-height:1;font-size:50px}.elementor-widget-text-editor .elementor-drop-cap-letter{display:inline-block}<\/style>\t\t\t\t<p>Padel Wood\u00ae es una raqueta de roble dise\u00f1ada para mejorar la t\u00e9cnica de Padel.<br \/>Gracias a la forma y al peque\u00f1o tama\u00f1o de la cabeza PADEL WOOD\u00ae es una herramienta para perfeccionar el impacto con la pelota.<\/p>\t\t\t\t\t\t<\/div>\n\t\t\t\t<\/div>\n\t\t\t\t<div class=\"elementor-element elementor-element-41f8e4f elementor-mobile-align-center elementor-widget elementor-widget-button\" data-id=\"41f8e4f\" data-element_type=\"widget\" data-widget_type=\"button.default\">\n\t\t\t\t<div class=\"elementor-widget-container\">\n\t\t\t\t\t<div class=\"elementor-button-wrapper\">\n\t\t\t<a href=\"https:\/\/padelwood.it\/esp\/prodotti\/\" class=\"elementor-button-link elementor-button elementor-size-sm\" role=\"button\">\n\t\t\t\t\t\t<span class=\"elementor-button-content-wrapper\">\n\t\t\t\t\t\t<span class=\"elementor-button-text\">detalles<\/span>\n\t\t<\/span>\n\t\t\t\t\t<\/a>\n\t\t<\/div>\n\t\t\t\t<\/div>\n\t\t\t\t<\/div>\n\t\t\t\t\t<\/div>\n\t\t<\/div>\n\t\t\t\t<div class=\"elementor-column elementor-col-50 elementor-inner-column elementor-element elementor-element-c9465ad\" data-id=\"c9465ad\" data-element_type=\"column\">\n\t\t\t<div class=\"elementor-widget-wrap elementor-element-populated\">\n\t\t\t\t\t\t\t\t<div class=\"elementor-element elementor-element-e057c82 elementor-widget elementor-widget-image\" data-id=\"e057c82\" data-element_type=\"widget\" data-widget_type=\"image.default\">\n\t\t\t\t<div class=\"elementor-widget-container\">\n\t\t\t<style>\/*! elementor - v3.5.5 - 03-02-2022 *\/\n.elementor-widget-image{text-align:center}.elementor-widget-image a{display:inline-block}.elementor-widget-image a img[src$=\".svg\"]{width:48px}.elementor-widget-image img{vertical-align:middle;display:inline-block}<\/style>\t\t\t\t\t\t\t\t\t\t\t\t<img loading=\"lazy\" decoding=\"async\" width=\"862\" height=\"1016\" src=\"https:\/\/padelwood.it\/esp\/wp-content\/uploads\/2022\/02\/DSC08609.jpg\" class=\"attachment-large size-large\" alt=\"\" srcset=\"https:\/\/padelwood.it\/esp\/wp-content\/uploads\/2022\/02\/DSC08609.jpg 862w, https:\/\/padelwood.it\/esp\/wp-content\/uploads\/2022\/02\/DSC08609-255x300.jpg 255w, https:\/\/padelwood.it\/esp\/wp-content\/uploads\/2022\/02\/DSC08609-768x905.jpg 768w\" sizes=\"auto, (max-width: 862px) 100vw, 862px\" \/>\t\t\t\t\t\t\t\t\t\t\t\t\t\t\t<\/div>\n\t\t\t\t<\/div>\n\t\t\t\t\t<\/div>\n\t\t<\/div>\n\t\t\t\t\t\t\t<\/div>\n\t\t<\/section>\n\t\t\t\t\t<\/div>\n\t\t<\/div>\n\t\t\t\t\t\t\t<\/div>\n\t\t<\/section>\n\t\t\t\t<section class=\"elementor-section elementor-top-section elementor-element elementor-element-cd1d1bb elementor-section-full_width elementor-section-height-default elementor-section-height-default\" data-id=\"cd1d1bb\" data-element_type=\"section\" data-settings=\"{&quot;background_background&quot;:&quot;classic&quot;}\">\n\t\t\t\t\t\t<div class=\"elementor-container elementor-column-gap-default\">\n\t\t\t\t\t<div class=\"elementor-column elementor-col-100 elementor-top-column elementor-element elementor-element-3d7b339\" data-id=\"3d7b339\" data-element_type=\"column\">\n\t\t\t<div class=\"elementor-widget-wrap elementor-element-populated\">\n\t\t\t\t\t\t\t\t<section class=\"elementor-section elementor-inner-section elementor-element elementor-element-90a359c elementor-section-full_width elementor-section-height-default elementor-section-height-default\" data-id=\"90a359c\" data-element_type=\"section\">\n\t\t\t\t\t\t<div class=\"elementor-container elementor-column-gap-default\">\n\t\t\t\t\t<div class=\"elementor-column elementor-col-50 elementor-inner-column elementor-element elementor-element-482a732\" data-id=\"482a732\" data-element_type=\"column\">\n\t\t\t<div class=\"elementor-widget-wrap elementor-element-populated\">\n\t\t\t\t\t\t\t\t<div class=\"elementor-element elementor-element-072971b elementor-widget elementor-widget-text-editor\" data-id=\"072971b\" data-element_type=\"widget\" data-widget_type=\"text-editor.default\">\n\t\t\t\t<div class=\"elementor-widget-container\">\n\t\t\t\t\t\t\t<p>PADEL WOOD\u00ae tambi\u00e9n ofrece cursos en l\u00ednea para perfeccionar la t\u00e9cnica del juego, desde tomas b\u00e1sicas hasta tomas especiales.<\/p>\t\t\t\t\t\t<\/div>\n\t\t\t\t<\/div>\n\t\t\t\t<div class=\"elementor-element elementor-element-6cff264 elementor-mobile-align-center elementor-widget elementor-widget-button\" data-id=\"6cff264\" data-element_type=\"widget\" data-widget_type=\"button.default\">\n\t\t\t\t<div class=\"elementor-widget-container\">\n\t\t\t\t\t<div class=\"elementor-button-wrapper\">\n\t\t\t<a href=\"https:\/\/padelwood.it\/esp\/corsi\/\" class=\"elementor-button-link elementor-button elementor-size-sm\" role=\"button\">\n\t\t\t\t\t\t<span class=\"elementor-button-content-wrapper\">\n\t\t\t\t\t\t<span class=\"elementor-button-text\">Dettales<\/span>\n\t\t<\/span>\n\t\t\t\t\t<\/a>\n\t\t<\/div>\n\t\t\t\t<\/div>\n\t\t\t\t<\/div>\n\t\t\t\t\t<\/div>\n\t\t<\/div>\n\t\t\t\t<div class=\"elementor-column elementor-col-50 elementor-inner-column elementor-element elementor-element-3456f0b\" data-id=\"3456f0b\" data-element_type=\"column\">\n\t\t\t<div class=\"elementor-widget-wrap elementor-element-populated\">\n\t\t\t\t\t\t\t\t<div class=\"elementor-element elementor-element-ed6ae81 elementor-widget elementor-widget-image\" data-id=\"ed6ae81\" data-element_type=\"widget\" data-widget_type=\"image.default\">\n\t\t\t\t<div class=\"elementor-widget-container\">\n\t\t\t\t\t\t\t\t\t\t\t\t\t\t\t<img loading=\"lazy\" decoding=\"async\" width=\"845\" height=\"810\" src=\"https:\/\/padelwood.it\/esp\/wp-content\/uploads\/2022\/02\/DSC08056.jpg\" class=\"attachment-large size-large\" alt=\"\" srcset=\"https:\/\/padelwood.it\/esp\/wp-content\/uploads\/2022\/02\/DSC08056.jpg 845w, https:\/\/padelwood.it\/esp\/wp-content\/uploads\/2022\/02\/DSC08056-600x575.jpg 600w, https:\/\/padelwood.it\/esp\/wp-content\/uploads\/2022\/02\/DSC08056-300x288.jpg 300w, https:\/\/padelwood.it\/esp\/wp-content\/uploads\/2022\/02\/DSC08056-768x736.jpg 768w\" sizes=\"auto, (max-width: 845px) 100vw, 845px\" \/>\t\t\t\t\t\t\t\t\t\t\t\t\t\t\t<\/div>\n\t\t\t\t<\/div>\n\t\t\t\t<div class=\"elementor-element elementor-element-ed2463a elementor-widget elementor-widget-image\" data-id=\"ed2463a\" data-element_type=\"widget\" data-widget_type=\"image.default\">\n\t\t\t\t<div class=\"elementor-widget-container\">\n\t\t\t\t\t\t\t\t\t\t\t\t\t\t\t<img loading=\"lazy\" decoding=\"async\" width=\"845\" height=\"810\" src=\"https:\/\/padelwood.it\/esp\/wp-content\/uploads\/2022\/02\/DSC08118.jpg\" class=\"attachment-large size-large\" alt=\"\" srcset=\"https:\/\/padelwood.it\/esp\/wp-content\/uploads\/2022\/02\/DSC08118.jpg 845w, https:\/\/padelwood.it\/esp\/wp-content\/uploads\/2022\/02\/DSC08118-600x575.jpg 600w, https:\/\/padelwood.it\/esp\/wp-content\/uploads\/2022\/02\/DSC08118-300x288.jpg 300w, https:\/\/padelwood.it\/esp\/wp-content\/uploads\/2022\/02\/DSC08118-768x736.jpg 768w\" sizes=\"auto, (max-width: 845px) 100vw, 845px\" \/>\t\t\t\t\t\t\t\t\t\t\t\t\t\t\t<\/div>\n\t\t\t\t<\/div>\n\t\t\t\t<div class=\"elementor-element elementor-element-a28c172 elementor-widget elementor-widget-image\" data-id=\"a28c172\" data-element_type=\"widget\" data-widget_type=\"image.default\">\n\t\t\t\t<div class=\"elementor-widget-container\">\n\t\t\t\t\t\t\t\t\t\t\t\t\t\t\t<img loading=\"lazy\" decoding=\"async\" width=\"845\" height=\"810\" src=\"https:\/\/padelwood.it\/esp\/wp-content\/uploads\/2022\/02\/DSC08491.jpg\" class=\"attachment-large size-large\" alt=\"\" srcset=\"https:\/\/padelwood.it\/esp\/wp-content\/uploads\/2022\/02\/DSC08491.jpg 845w, https:\/\/padelwood.it\/esp\/wp-content\/uploads\/2022\/02\/DSC08491-600x575.jpg 600w, https:\/\/padelwood.it\/esp\/wp-content\/uploads\/2022\/02\/DSC08491-300x288.jpg 300w, https:\/\/padelwood.it\/esp\/wp-content\/uploads\/2022\/02\/DSC08491-768x736.jpg 768w\" sizes=\"auto, (max-width: 845px) 100vw, 845px\" \/>\t\t\t\t\t\t\t\t\t\t\t\t\t\t\t<\/div>\n\t\t\t\t<\/div>\n\t\t\t\t\t<\/div>\n\t\t<\/div>\n\t\t\t\t\t\t\t<\/div>\n\t\t<\/section>\n\t\t\t\t\t<\/div>\n\t\t<\/div>\n\t\t\t\t\t\t\t<\/div>\n\t\t<\/section>\n\t\t\t\t\t\t<\/div>\n\t\t\t\t\t<\/div>\n\t\t","protected":false},"excerpt":{"rendered":"<p>PADEL WOOD\u00ae Mejora tu juego detalles Padel Wood\u00ae es una raqueta de roble dise\u00f1ada para mejorar la t\u00e9cnica de Padel.Gracias a la forma y al peque\u00f1o tama\u00f1o de la cabeza PADEL WOOD\u00ae es una herramienta para perfeccionar el impacto con la pelota. detalles PADEL WOOD\u00ae tambi\u00e9n ofrece cursos en l\u00ednea para perfeccionar la t\u00e9cnica del [&hellip;]<\/p>\n","protected":false},"author":1,"featured_media":145,"parent":0,"menu_order":0,"comment_status":"closed","ping_status":"closed","template":"elementor_header_footer","meta":{"footnotes":""},"class_list":["post-551","page","type-page","status-publish","has-post-thumbnail","hentry"],"_links":{"self":[{"href":"https:\/\/padelwood.it\/esp\/wp-json\/wp\/v2\/pages\/551","targetHints":{"allow":["GET"]}}],"collection":[{"href":"https:\/\/padelwood.it\/esp\/wp-json\/wp\/v2\/pages"}],"about":[{"href":"https:\/\/padelwood.it\/esp\/wp-json\/wp\/v2\/types\/page"}],"author":[{"embeddable":true,"href":"https:\/\/padelwood.it\/esp\/wp-json\/wp\/v2\/users\/1"}],"replies":[{"embeddable":true,"href":"https:\/\/padelwood.it\/esp\/wp-json\/wp\/v2\/comments?post=551"}],"version-history":[{"count":60,"href":"https:\/\/padelwood.it\/esp\/wp-json\/wp\/v2\/pages\/551\/revisions"}],"predecessor-version":[{"id":1368,"href":"https:\/\/padelwood.it\/esp\/wp-json\/wp\/v2\/pages\/551\/revisions\/1368"}],"wp:featuredmedia":[{"embeddable":true,"href":"https:\/\/padelwood.it\/esp\/wp-json\/wp\/v2\/media\/145"}],"wp:attachment":[{"href":"https:\/\/padelwood.it\/esp\/wp-json\/wp\/v2\/media?parent=551"}],"curies":[{"name":"wp","href":"https:\/\/api.w.org\/{rel}","templated":true}]}}