{"id":602,"date":"2022-12-21T15:09:55","date_gmt":"2022-12-21T15:09:55","guid":{"rendered":"https:\/\/padelwood.it\/?page_id=602"},"modified":"2023-04-08T22:12:56","modified_gmt":"2023-04-08T22:12:56","slug":"prodotti","status":"publish","type":"page","link":"https:\/\/padelwood.it\/esp\/prodotti\/","title":{"rendered":"Products"},"content":{"rendered":"\t\t<div data-elementor-type=\"wp-page\" data-elementor-id=\"602\" class=\"elementor elementor-602\" data-elementor-settings=\"[]\">\n\t\t\t\t\t\t\t<div class=\"elementor-section-wrap\">\n\t\t\t\t\t\t\t<section class=\"elementor-section elementor-top-section elementor-element elementor-element-2b7839c elementor-section-full_width elementor-section-height-default elementor-section-height-default\" data-id=\"2b7839c\" data-element_type=\"section\" data-settings=\"{&quot;background_background&quot;:&quot;classic&quot;}\">\n\t\t\t\t\t\t\t<div class=\"elementor-background-overlay\"><\/div>\n\t\t\t\t\t\t\t<div class=\"elementor-container elementor-column-gap-default\">\n\t\t\t\t\t<div class=\"elementor-column elementor-col-100 elementor-top-column elementor-element elementor-element-5e585c1\" data-id=\"5e585c1\" data-element_type=\"column\">\n\t\t\t<div class=\"elementor-widget-wrap elementor-element-populated\">\n\t\t\t\t\t\t\t\t<section class=\"elementor-section elementor-inner-section elementor-element elementor-element-f7d81bb elementor-section-full_width elementor-section-height-default elementor-section-height-default\" data-id=\"f7d81bb\" data-element_type=\"section\">\n\t\t\t\t\t\t<div class=\"elementor-container elementor-column-gap-default\">\n\t\t\t\t\t<div class=\"elementor-column elementor-col-100 elementor-inner-column elementor-element elementor-element-02b36f0\" data-id=\"02b36f0\" data-element_type=\"column\">\n\t\t\t<div class=\"elementor-widget-wrap elementor-element-populated\">\n\t\t\t\t\t\t\t\t<div class=\"elementor-element elementor-element-64c1872 elementor-widget elementor-widget-heading\" data-id=\"64c1872\" data-element_type=\"widget\" data-widget_type=\"heading.default\">\n\t\t\t\t<div class=\"elementor-widget-container\">\n\t\t\t<style>\/*! elementor - v3.5.5 - 03-02-2022 *\/\n.elementor-heading-title{padding:0;margin:0;line-height:1}.elementor-widget-heading .elementor-heading-title[class*=elementor-size-]>a{color:inherit;font-size:inherit;line-height:inherit}.elementor-widget-heading .elementor-heading-title.elementor-size-small{font-size:15px}.elementor-widget-heading .elementor-heading-title.elementor-size-medium{font-size:19px}.elementor-widget-heading .elementor-heading-title.elementor-size-large{font-size:29px}.elementor-widget-heading .elementor-heading-title.elementor-size-xl{font-size:39px}.elementor-widget-heading .elementor-heading-title.elementor-size-xxl{font-size:59px}<\/style><h1 class=\"elementor-heading-title elementor-size-default\">Productos PADEL WOOD<sup>\u00ae<\/sup> <\/h1>\t\t<\/div>\n\t\t\t\t<\/div>\n\t\t\t\t<div class=\"elementor-element elementor-element-8d89dfd elementor-widget elementor-widget-text-editor\" data-id=\"8d89dfd\" data-element_type=\"widget\" data-widget_type=\"text-editor.default\">\n\t\t\t\t<div class=\"elementor-widget-container\">\n\t\t\t<style>\/*! elementor - v3.5.5 - 03-02-2022 *\/\n.elementor-widget-text-editor.elementor-drop-cap-view-stacked .elementor-drop-cap{background-color:#818a91;color:#fff}.elementor-widget-text-editor.elementor-drop-cap-view-framed .elementor-drop-cap{color:#818a91;border:3px solid;background-color:transparent}.elementor-widget-text-editor:not(.elementor-drop-cap-view-default) .elementor-drop-cap{margin-top:8px}.elementor-widget-text-editor:not(.elementor-drop-cap-view-default) .elementor-drop-cap-letter{width:1em;height:1em}.elementor-widget-text-editor .elementor-drop-cap{float:left;text-align:center;line-height:1;font-size:50px}.elementor-widget-text-editor .elementor-drop-cap-letter{display:inline-block}<\/style>\t\t\t\t<p>Aqu\u00ed puedes comprar la raqueta Padel Wood para mejorar tu t\u00e9cnica de p\u00e1del b\u00e1sica y avanzada. Tambi\u00e9n puedes encontrar \u00fatiles herramientas y gadgets, para llevar contigo en tu vida diaria o cuando vayas a jugar Padel.<\/p>\t\t\t\t\t\t<\/div>\n\t\t\t\t<\/div>\n\t\t\t\t<div class=\"elementor-element elementor-element-70f00e4 elementor-widget elementor-widget-tp-product-listout\" data-id=\"70f00e4\" data-element_type=\"widget\" data-widget_type=\"tp-product-listout.default\">\n\t\t\t\t<div class=\"elementor-widget-container\">\n\t\t\t<div id=\"pt-plus-product-list\" class=\"product-list post69d0d3b53624d  list-isotope  product-style-3 \"  data-layout-type=\"fitRows\"   data-id=\"post69d0d3b53624d\" data-style=\"style-3\"  data-enable-isotope=\"1\"><div id=\"post69d0d3b53624d\" class=\"tp-row post-inner-loop post69d0d3b53624d text-left tp_list\"   ><div class=\"grid-item metro-item  tp-col-lg-4 tp-col-md-4 tp-col-sm-12 tp-col-12  \"><article id=\"post-423\" class=\"post-423 product type-product status-publish has-post-thumbnail hentry product_cat-racchette-e-gadget\">\r\n\t<div class=\"product-list-content\">\r\n\t\r\n\t\t\t\t\t<div class=\"product-content-image\">\r\n\t\t\t\t\t\t\t\t\t\t<a href=\"https:\/\/padelwood.it\/esp\/prodotto\/racchetta-padel-wood\/\" class=\"product-image\" title=\"\">\r\n\t\t\t\t\t\t\t\t\t<div class=\"product-featured-image\">\n\t<span class=\"thumb-wrap\">\n\t\t<img decoding=\"async\" src=\"https:\/\/padelwood.it\/esp\/wp-content\/uploads\/2022\/02\/DSC08609-700x700.jpg\" alt=\"Raqueta de p\u00e1del de madera\">\t<\/span>\n\t<\/div>\t\t\t\t\t\t\t<\/a>\r\n\t\t\t\t\t\t\t\t\t\t\t\r\n\t\t\t\t\t\t\t<\/div>\r\n\t\t\t\t\r\n\t\t<div class=\"post-content-bottom\">\r\n\t\t\t<span class=\"post-catagory\">Raquetas y gadget<\/span>\t\t\t<h3 class=\"post-title\">\r\n\t<a href=\"https:\/\/padelwood.it\/esp\/prodotto\/racchetta-padel-wood\/\" title=\"Raqueta de p\u00e1del de madera\">Raqueta de p\u00e1del de madera\r\n\r\n<\/a>\r\n<\/h3>\t\t\t\r\n\t\t\t\t\t\t\t\t\r\n\t\t\t<div class=\"wrapper-cart-price\">\r\n\t\t<span class=\"price\"><span class=\"woocommerce-Price-amount amount\"><bdi>70,00&nbsp;<span class=\"woocommerce-Price-currencySymbol\">&euro;<\/span><\/bdi><\/span><\/span>\r\n<\/div>\t\t\t\t\t<\/div>\r\n\t\t\r\n\t\t\t<\/div>\r\n<\/article><\/div><div class=\"grid-item metro-item  tp-col-lg-4 tp-col-md-4 tp-col-sm-12 tp-col-12  \"><article id=\"post-520\" class=\"post-520 product type-product status-publish has-post-thumbnail hentry product_cat-racchette-e-gadget\">\r\n\t<div class=\"product-list-content\">\r\n\t\r\n\t\t\t\t\t<div class=\"product-content-image\">\r\n\t\t\t\t\t\t\t\t\t\t<a href=\"https:\/\/padelwood.it\/esp\/prodotto\/racchette-padel-wood-complete\/\" class=\"product-image\" title=\"\">\r\n\t\t\t\t\t\t\t\t\t<div class=\"product-featured-image\">\n\t<span class=\"thumb-wrap\">\n\t\t<img decoding=\"async\" src=\"https:\/\/padelwood.it\/esp\/wp-content\/uploads\/2022\/12\/DSC08624-700x700.jpg\" alt=\"Kit Raquetas Padel Wood\">\t<\/span>\n\t<\/div>\t\t\t\t\t\t\t<\/a>\r\n\t\t\t\t\t\t\t\t\t\t\t\r\n\t\t\t\t\t\t\t<\/div>\r\n\t\t\t\t\r\n\t\t<div class=\"post-content-bottom\">\r\n\t\t\t<span class=\"post-catagory\">Raquetas y gadget<\/span>\t\t\t<h3 class=\"post-title\">\r\n\t<a href=\"https:\/\/padelwood.it\/esp\/prodotto\/racchette-padel-wood-complete\/\" title=\"Kit Raquetas Padel Wood\">Kit Raquetas Padel Wood\r\n\r\n<\/a>\r\n<\/h3>\t\t\t\r\n\t\t\t\t\t\t\t\t\r\n\t\t\t<div class=\"wrapper-cart-price\">\r\n\t\t<span class=\"price\"><span class=\"woocommerce-Price-amount amount\"><bdi>200,00&nbsp;<span class=\"woocommerce-Price-currencySymbol\">&euro;<\/span><\/bdi><\/span><\/span>\r\n<\/div>\t\t\t\t\t<\/div>\r\n\t\t\r\n\t\t\t<\/div>\r\n<\/article><\/div><div class=\"grid-item metro-item  tp-col-lg-4 tp-col-md-4 tp-col-sm-12 tp-col-12  \"><article id=\"post-522\" class=\"post-522 product type-product status-publish has-post-thumbnail hentry product_cat-racchette-e-gadget\">\r\n\t<div class=\"product-list-content\">\r\n\t\r\n\t\t\t\t\t<div class=\"product-content-image\">\r\n\t\t\t\t\t\t\t\t\t\t<a href=\"https:\/\/padelwood.it\/esp\/prodotto\/borsa-padel-wood\/\" class=\"product-image\" title=\"\">\r\n\t\t\t\t\t\t\t\t\t<div class=\"product-featured-image\">\n\t<span class=\"thumb-wrap\">\n\t\t<img decoding=\"async\" src=\"https:\/\/padelwood.it\/esp\/wp-content\/uploads\/2022\/02\/DSC08636-700x700.jpeg\" alt=\"Padel Wood Bolsa\">\t<\/span>\n\t<\/div>\t\t\t\t\t\t\t<\/a>\r\n\t\t\t\t\t\t\t\t\t\t\t\r\n\t\t\t\t\t\t\t<\/div>\r\n\t\t\t\t\r\n\t\t<div class=\"post-content-bottom\">\r\n\t\t\t<span class=\"post-catagory\">Raquetas y gadget<\/span>\t\t\t<h3 class=\"post-title\">\r\n\t<a href=\"https:\/\/padelwood.it\/esp\/prodotto\/borsa-padel-wood\/\" title=\"Padel Wood Bolsa\">Padel Wood Bolsa\r\n\r\n<\/a>\r\n<\/h3>\t\t\t\r\n\t\t\t\t\t\t\t\t\r\n\t\t\t<div class=\"wrapper-cart-price\">\r\n\t\t<span class=\"price\"><span class=\"woocommerce-Price-amount amount\"><bdi>8,00&nbsp;<span class=\"woocommerce-Price-currencySymbol\">&euro;<\/span><\/bdi><\/span><\/span>\r\n<\/div>\t\t\t\t\t<\/div>\r\n\t\t\r\n\t\t\t<\/div>\r\n<\/article><\/div><div class=\"grid-item metro-item  tp-col-lg-4 tp-col-md-4 tp-col-sm-12 tp-col-12  \"><article id=\"post-523\" class=\"post-523 product type-product status-publish has-post-thumbnail hentry product_cat-racchette-e-gadget\">\r\n\t<div class=\"product-list-content\">\r\n\t\r\n\t\t\t\t\t<div class=\"product-content-image\">\r\n\t\t\t\t\t\t\t\t\t\t<a href=\"https:\/\/padelwood.it\/esp\/prodotto\/maglietta-padel-wood\/\" class=\"product-image\" title=\"\">\r\n\t\t\t\t\t\t\t\t\t<div class=\"product-featured-image\">\n\t<span class=\"thumb-wrap\">\n\t\t<img decoding=\"async\" src=\"https:\/\/padelwood.it\/esp\/wp-content\/uploads\/2022\/02\/DSC08651-700x700.jpeg\" alt=\"Camiseta Padel Wood\">\t<\/span>\n\t<\/div>\t\t\t\t\t\t\t<\/a>\r\n\t\t\t\t\t\t\t\t\t\t\t\r\n\t\t\t\t\t\t\t<\/div>\r\n\t\t\t\t\r\n\t\t<div class=\"post-content-bottom\">\r\n\t\t\t<span class=\"post-catagory\">Raquetas y gadget<\/span>\t\t\t<h3 class=\"post-title\">\r\n\t<a href=\"https:\/\/padelwood.it\/esp\/prodotto\/maglietta-padel-wood\/\" title=\"Camiseta Padel Wood\">Camiseta Padel Wood\r\n\r\n<\/a>\r\n<\/h3>\t\t\t\r\n\t\t\t\t\t\t\t\t\r\n\t\t\t<div class=\"wrapper-cart-price\">\r\n\t\t<span class=\"price\"><span class=\"woocommerce-Price-amount amount\"><bdi>15,00&nbsp;<span class=\"woocommerce-Price-currencySymbol\">&euro;<\/span><\/bdi><\/span><\/span>\r\n<\/div>\t\t\t\t\t<\/div>\r\n\t\t\r\n\t\t\t<\/div>\r\n<\/article><\/div><div class=\"grid-item metro-item  tp-col-lg-4 tp-col-md-4 tp-col-sm-12 tp-col-12  \"><article id=\"post-975\" class=\"post-975 product type-product status-publish has-post-thumbnail hentry product_cat-racchette-e-gadget\">\r\n\t<div class=\"product-list-content\">\r\n\t\r\n\t\t\t\t\t<div class=\"product-content-image\">\r\n\t\t\t\t\t\t\t\t\t\t<a href=\"https:\/\/padelwood.it\/esp\/prodotto\/felpa-padel-wood\/\" class=\"product-image\" title=\"\">\r\n\t\t\t\t\t\t\t\t\t<div class=\"product-featured-image\">\n\t<span class=\"thumb-wrap\">\n\t\t<img decoding=\"async\" src=\"https:\/\/padelwood.it\/esp\/wp-content\/uploads\/2023\/01\/PHOTO-2023-01-05-18-02-49-700x700.jpg\" alt=\"Sudadera de Padel Wood\">\t<\/span>\n\t<\/div>\t\t\t\t\t\t\t<\/a>\r\n\t\t\t\t\t\t\t\t\t\t\t\r\n\t\t\t\t\t\t\t<\/div>\r\n\t\t\t\t\r\n\t\t<div class=\"post-content-bottom\">\r\n\t\t\t<span class=\"post-catagory\">Raquetas y gadget<\/span>\t\t\t<h3 class=\"post-title\">\r\n\t<a href=\"https:\/\/padelwood.it\/esp\/prodotto\/felpa-padel-wood\/\" title=\"Sudadera de Padel Wood\">Sudadera de Padel Wood\r\n\r\n<\/a>\r\n<\/h3>\t\t\t\r\n\t\t\t\t\t\t\t\t\r\n\t\t\t<div class=\"wrapper-cart-price\">\r\n\t\t<span class=\"price\"><span class=\"woocommerce-Price-amount amount\"><bdi>40,00&nbsp;<span class=\"woocommerce-Price-currencySymbol\">&euro;<\/span><\/bdi><\/span><\/span>\r\n<\/div>\t\t\t\t\t<\/div>\r\n\t\t\r\n\t\t\t<\/div>\r\n<\/article><\/div><div class=\"grid-item metro-item  tp-col-lg-4 tp-col-md-4 tp-col-sm-12 tp-col-12  \"><article id=\"post-981\" class=\"post-981 product type-product status-publish has-post-thumbnail hentry product_cat-racchette-e-gadget product_cat-senza-categoria\">\r\n\t<div class=\"product-list-content\">\r\n\t\r\n\t\t\t\t\t<div class=\"product-content-image\">\r\n\t\t\t\t\t\t\t\t\t\t<a href=\"https:\/\/padelwood.it\/esp\/prodotto\/cappellino-padel-wood\/\" class=\"product-image\" title=\"\">\r\n\t\t\t\t\t\t\t\t\t<div class=\"product-featured-image\">\n\t<span class=\"thumb-wrap\">\n\t\t<img decoding=\"async\" src=\"https:\/\/padelwood.it\/esp\/wp-content\/uploads\/2023\/01\/IMG_0726-700x700.jpg\" alt=\"Padel Wood Hat\">\t<\/span>\n\t<\/div>\t\t\t\t\t\t\t<\/a>\r\n\t\t\t\t\t\t\t\t\t\t\t\r\n\t\t\t\t\t\t\t<\/div>\r\n\t\t\t\t\r\n\t\t<div class=\"post-content-bottom\">\r\n\t\t\t<span class=\"post-catagory\">Raquetas y gadget<\/span>\t\t\t<h3 class=\"post-title\">\r\n\t<a href=\"https:\/\/padelwood.it\/esp\/prodotto\/cappellino-padel-wood\/\" title=\"Padel Wood Hat\">Padel Wood Hat\r\n\r\n<\/a>\r\n<\/h3>\t\t\t\r\n\t\t\t\t\t\t\t\t\r\n\t\t\t<div class=\"wrapper-cart-price\">\r\n\t\t<span class=\"price\"><span class=\"woocommerce-Price-amount amount\"><bdi>10,00&nbsp;<span class=\"woocommerce-Price-currencySymbol\">&euro;<\/span><\/bdi><\/span><\/span>\r\n<\/div>\t\t\t\t\t<\/div>\r\n\t\t\r\n\t\t\t<\/div>\r\n<\/article><\/div><div class=\"grid-item metro-item  tp-col-lg-4 tp-col-md-4 tp-col-sm-12 tp-col-12  \"><article id=\"post-983\" class=\"post-983 product type-product status-publish has-post-thumbnail hentry product_cat-racchette-e-gadget product_cat-senza-categoria\">\r\n\t<div class=\"product-list-content\">\r\n\t\r\n\t\t\t\t\t<div class=\"product-content-image\">\r\n\t\t\t\t\t\t\t\t\t\t<a href=\"https:\/\/padelwood.it\/esp\/prodotto\/paracolpi\/\" class=\"product-image\" title=\"\">\r\n\t\t\t\t\t\t\t\t\t<div class=\"product-featured-image\">\n\t<span class=\"thumb-wrap\">\n\t\t<img decoding=\"async\" src=\"https:\/\/padelwood.it\/esp\/wp-content\/uploads\/2023\/01\/IMG_0737-700x700.jpg\" alt=\"Bumper\">\t<\/span>\n\t<\/div>\t\t\t\t\t\t\t<\/a>\r\n\t\t\t\t\t\t\t\t\t\t\t\r\n\t\t\t\t\t\t\t<\/div>\r\n\t\t\t\t\r\n\t\t<div class=\"post-content-bottom\">\r\n\t\t\t<span class=\"post-catagory\">Raquetas y gadget<\/span>\t\t\t<h3 class=\"post-title\">\r\n\t<a href=\"https:\/\/padelwood.it\/esp\/prodotto\/paracolpi\/\" title=\"Bumper\">Bumper\r\n\r\n<\/a>\r\n<\/h3>\t\t\t\r\n\t\t\t\t\t\t\t\t\r\n\t\t\t<div class=\"wrapper-cart-price\">\r\n\t\t<span class=\"price\"><span class=\"woocommerce-Price-amount amount\"><bdi>10,00&nbsp;<span class=\"woocommerce-Price-currencySymbol\">&euro;<\/span><\/bdi><\/span><\/span>\r\n<\/div>\t\t\t\t\t<\/div>\r\n\t\t\r\n\t\t\t<\/div>\r\n<\/article><\/div><div class=\"grid-item metro-item  tp-col-lg-4 tp-col-md-4 tp-col-sm-12 tp-col-12  \"><article id=\"post-986\" class=\"post-986 product type-product status-publish has-post-thumbnail hentry product_cat-racchette-e-gadget product_cat-senza-categoria\">\r\n\t<div class=\"product-list-content\">\r\n\t\r\n\t\t\t\t\t<div class=\"product-content-image\">\r\n\t\t\t\t\t\t\t\t\t\t<a href=\"https:\/\/padelwood.it\/esp\/prodotto\/portachiavi-con-laccetto\/\" class=\"product-image\" title=\"\">\r\n\t\t\t\t\t\t\t\t\t<div class=\"product-featured-image\">\n\t<span class=\"thumb-wrap\">\n\t\t<img decoding=\"async\" src=\"https:\/\/padelwood.it\/esp\/wp-content\/uploads\/2023\/01\/IMG_0736-700x700.jpg\" alt=\"Llavero con una correa\">\t<\/span>\n\t<\/div>\t\t\t\t\t\t\t<\/a>\r\n\t\t\t\t\t\t\t\t\t\t\t\r\n\t\t\t\t\t\t\t<\/div>\r\n\t\t\t\t\r\n\t\t<div class=\"post-content-bottom\">\r\n\t\t\t<span class=\"post-catagory\">Raquetas y gadget<\/span>\t\t\t<h3 class=\"post-title\">\r\n\t<a href=\"https:\/\/padelwood.it\/esp\/prodotto\/portachiavi-con-laccetto\/\" title=\"Llavero con una correa\">Llavero con una correa\r\n\r\n<\/a>\r\n<\/h3>\t\t\t\r\n\t\t\t\t\t\t\t\t\r\n\t\t\t<div class=\"wrapper-cart-price\">\r\n\t\t<span class=\"price\"><span class=\"woocommerce-Price-amount amount\"><bdi>8,00&nbsp;<span class=\"woocommerce-Price-currencySymbol\">&euro;<\/span><\/bdi><\/span><\/span>\r\n<\/div>\t\t\t\t\t<\/div>\r\n\t\t\r\n\t\t\t<\/div>\r\n<\/article><\/div><div class=\"grid-item metro-item  tp-col-lg-4 tp-col-md-4 tp-col-sm-12 tp-col-12  \"><article id=\"post-988\" class=\"post-988 product type-product status-publish has-post-thumbnail hentry product_cat-racchette-e-gadget product_cat-senza-categoria\">\r\n\t<div class=\"product-list-content\">\r\n\t\r\n\t\t\t\t\t<div class=\"product-content-image\">\r\n\t\t\t\t\t\t\t\t\t\t<a href=\"https:\/\/padelwood.it\/esp\/prodotto\/portachiavi-con-gettone\/\" class=\"product-image\" title=\"\">\r\n\t\t\t\t\t\t\t\t\t<div class=\"product-featured-image\">\n\t<span class=\"thumb-wrap\">\n\t\t<img decoding=\"async\" src=\"https:\/\/padelwood.it\/esp\/wp-content\/uploads\/2023\/01\/IMG_0729-700x700.jpg\" alt=\"Llavero con moneda\">\t<\/span>\n\t<\/div>\t\t\t\t\t\t\t<\/a>\r\n\t\t\t\t\t\t\t\t\t\t\t\r\n\t\t\t\t\t\t\t<\/div>\r\n\t\t\t\t\r\n\t\t<div class=\"post-content-bottom\">\r\n\t\t\t<span class=\"post-catagory\">Raquetas y gadget<\/span>\t\t\t<h3 class=\"post-title\">\r\n\t<a href=\"https:\/\/padelwood.it\/esp\/prodotto\/portachiavi-con-gettone\/\" title=\"Llavero con moneda\">Llavero con moneda\r\n\r\n<\/a>\r\n<\/h3>\t\t\t\r\n\t\t\t\t\t\t\t\t\r\n\t\t\t<div class=\"wrapper-cart-price\">\r\n\t\t<span class=\"price\"><span class=\"woocommerce-Price-amount amount\"><bdi>4,00&nbsp;<span class=\"woocommerce-Price-currencySymbol\">&euro;<\/span><\/bdi><\/span><\/span>\r\n<\/div>\t\t\t\t\t<\/div>\r\n\t\t\r\n\t\t\t<\/div>\r\n<\/article><\/div><div class=\"grid-item metro-item  tp-col-lg-4 tp-col-md-4 tp-col-sm-12 tp-col-12  \"><article id=\"post-1009\" class=\"post-1009 product type-product status-publish has-post-thumbnail hentry product_cat-racchette-e-gadget product_cat-senza-categoria\">\r\n\t<div class=\"product-list-content\">\r\n\t\r\n\t\t\t\t\t<div class=\"product-content-image\">\r\n\t\t\t\t\t\t\t\t\t\t<a href=\"https:\/\/padelwood.it\/esp\/prodotto\/orologio-padel-wood\/\" class=\"product-image\" title=\"\">\r\n\t\t\t\t\t\t\t\t\t<div class=\"product-featured-image\">\n\t<span class=\"thumb-wrap\">\n\t\t<img decoding=\"async\" src=\"https:\/\/padelwood.it\/esp\/wp-content\/uploads\/2023\/01\/image00002-700x700.jpeg\" alt=\"Padel Wood Reloj\">\t<\/span>\n\t<\/div>\t\t\t\t\t\t\t<\/a>\r\n\t\t\t\t\t\t\t\t\t\t\t\r\n\t\t\t\t\t\t\t<\/div>\r\n\t\t\t\t\r\n\t\t<div class=\"post-content-bottom\">\r\n\t\t\t<span class=\"post-catagory\">Raquetas y gadget<\/span>\t\t\t<h3 class=\"post-title\">\r\n\t<a href=\"https:\/\/padelwood.it\/esp\/prodotto\/orologio-padel-wood\/\" title=\"Padel Wood Reloj\">Padel Wood Reloj\r\n\r\n<\/a>\r\n<\/h3>\t\t\t\r\n\t\t\t\t\t\t\t\t\r\n\t\t\t<div class=\"wrapper-cart-price\">\r\n\t\t<span class=\"price\"><span class=\"woocommerce-Price-amount amount\"><bdi>50,00&nbsp;<span class=\"woocommerce-Price-currencySymbol\">&euro;<\/span><\/bdi><\/span><\/span>\r\n<\/div>\t\t\t\t\t<\/div>\r\n\t\t\r\n\t\t\t<\/div>\r\n<\/article><\/div><\/div><\/div>\t\t<\/div>\n\t\t\t\t<\/div>\n\t\t\t\t\t<\/div>\n\t\t<\/div>\n\t\t\t\t\t\t\t<\/div>\n\t\t<\/section>\n\t\t\t\t\t<\/div>\n\t\t<\/div>\n\t\t\t\t\t\t\t<\/div>\n\t\t<\/section>\n\t\t\t\t\t\t<\/div>\n\t\t\t\t\t<\/div>\n\t\t","protected":false},"excerpt":{"rendered":"<p>Productos PADEL WOOD\u00ae Aqu\u00ed puedes comprar la raqueta Padel Wood para mejorar tu t\u00e9cnica de p\u00e1del b\u00e1sica y avanzada. Tambi\u00e9n puedes encontrar \u00fatiles herramientas y gadgets, para llevar contigo en tu vida diaria o cuando vayas a jugar Padel. Racchette e gadget Raqueta de p\u00e1del de madera 70,00&nbsp;&euro; Racchette e gadget Kit Raquetas Padel Wood [&hellip;]<\/p>\n","protected":false},"author":1,"featured_media":0,"parent":0,"menu_order":0,"comment_status":"closed","ping_status":"closed","template":"elementor_header_footer","meta":{"footnotes":""},"class_list":["post-602","page","type-page","status-publish","hentry"],"_links":{"self":[{"href":"https:\/\/padelwood.it\/esp\/wp-json\/wp\/v2\/pages\/602","targetHints":{"allow":["GET"]}}],"collection":[{"href":"https:\/\/padelwood.it\/esp\/wp-json\/wp\/v2\/pages"}],"about":[{"href":"https:\/\/padelwood.it\/esp\/wp-json\/wp\/v2\/types\/page"}],"author":[{"embeddable":true,"href":"https:\/\/padelwood.it\/esp\/wp-json\/wp\/v2\/users\/1"}],"replies":[{"embeddable":true,"href":"https:\/\/padelwood.it\/esp\/wp-json\/wp\/v2\/comments?post=602"}],"version-history":[{"count":41,"href":"https:\/\/padelwood.it\/esp\/wp-json\/wp\/v2\/pages\/602\/revisions"}],"predecessor-version":[{"id":1356,"href":"https:\/\/padelwood.it\/esp\/wp-json\/wp\/v2\/pages\/602\/revisions\/1356"}],"wp:attachment":[{"href":"https:\/\/padelwood.it\/esp\/wp-json\/wp\/v2\/media?parent=602"}],"curies":[{"name":"wp","href":"https:\/\/api.w.org\/{rel}","templated":true}]}}