{"id":423,"date":"2022-12-20T13:28:47","date_gmt":"2022-12-20T13:28:47","guid":{"rendered":"https:\/\/padelwood.it\/?post_type=product&#038;p=423"},"modified":"2023-04-08T21:29:48","modified_gmt":"2023-04-08T21:29:48","slug":"racchetta-padel-wood","status":"publish","type":"product","link":"https:\/\/padelwood.it\/esp\/prodotto\/racchetta-padel-wood\/","title":{"rendered":"Raqueta de p\u00e1del de madera"},"content":{"rendered":"<p>Raqueta de madera de roble dise\u00f1ada para mejorar la t\u00e9cnica de juego del p\u00e1del. La forma particular de la cabeza corresponde al centro de una raqueta tradicional permitiendo afinar el contacto entre la pelota y el centro de la raqueta.<\/p>\n<p>Disponible en 3 tama\u00f1os:<\/p>\n<ul>\n<li>Adultos<\/li>\n<li>Chicos<\/li>\n<li>Ni\u00f1os<\/li>\n<\/ul>\n<p>USO Y CONSERVACI\u00d3N<\/p>\n<p>La garant\u00eda del producto es v\u00e1lida durante los primeros 6 meses despu\u00e9s de la fecha de venta. Esto se considera un per\u00edodo de tiempo suficiente para la aparici\u00f3n de un defecto de fabricaci\u00f3n<\/p>\n","protected":false},"excerpt":{"rendered":"<p>Raqueta de madera de roble dise\u00f1ada para mejorar la t\u00e9cnica de juego del p\u00e1del. La forma particular de la cabeza corresponde al centro de una raqueta tradicional permitiendo afinar el contacto entre la pelota y el centro de la raqueta. Disponible en 3 tama\u00f1os: Adultos Chicos Ni\u00f1os USO Y CONSERVACI\u00d3N La garant\u00eda del producto es [&hellip;]<\/p>\n","protected":false},"featured_media":147,"template":"","meta":[],"product_cat":[21],"product_tag":[],"class_list":["post-423","product","type-product","status-publish","has-post-thumbnail","hentry","product_cat-racchette-e-gadget"],"_links":{"self":[{"href":"https:\/\/padelwood.it\/esp\/wp-json\/wp\/v2\/product\/423","targetHints":{"allow":["GET"]}}],"collection":[{"href":"https:\/\/padelwood.it\/esp\/wp-json\/wp\/v2\/product"}],"about":[{"href":"https:\/\/padelwood.it\/esp\/wp-json\/wp\/v2\/types\/product"}],"wp:featuredmedia":[{"embeddable":true,"href":"https:\/\/padelwood.it\/esp\/wp-json\/wp\/v2\/media\/147"}],"wp:attachment":[{"href":"https:\/\/padelwood.it\/esp\/wp-json\/wp\/v2\/media?parent=423"}],"wp:term":[{"taxonomy":"product_cat","embeddable":true,"href":"https:\/\/padelwood.it\/esp\/wp-json\/wp\/v2\/product_cat?post=423"},{"taxonomy":"product_tag","embeddable":true,"href":"https:\/\/padelwood.it\/esp\/wp-json\/wp\/v2\/product_tag?post=423"}],"curies":[{"name":"wp","href":"https:\/\/api.w.org\/{rel}","templated":true}]}}