{"id":520,"date":"2022-12-21T11:51:08","date_gmt":"2022-12-21T11:51:08","guid":{"rendered":"https:\/\/padelwood.it\/?post_type=product&#038;p=520"},"modified":"2023-04-08T21:45:48","modified_gmt":"2023-04-08T21:45:48","slug":"racchette-padel-wood-complete","status":"publish","type":"product","link":"https:\/\/padelwood.it\/esp\/prodotto\/racchette-padel-wood-complete\/","title":{"rendered":"Kit Raquetas Padel Wood"},"content":{"rendered":"<p>Raquetas de madera de roble dise\u00f1adas para mejorar la t\u00e9cnica de juego del p\u00e1del. Las tres dimensiones incluidas:<\/p>\n<ul>\n<li>Adultos<\/li>\n<li>Chicos<\/li>\n<li>Ni\u00f1os<\/li>\n<\/ul>\n<p><strong>USO Y CONSERVACI\u00d3N<\/strong><\/p>\n<p>Padel Wood es una raqueta de madera de roble, por lo que como cualquier objeto de madera, &#8220;sufre&#8221; los cambios de temperatura.<\/p>\n<p>Recomendamos guardar Padel Wood en un lugar seco, NO en fr\u00edo o caliente.<\/p>\n<p>Padel Wood tiene una garant\u00eda de seis meses para posibles roturas, debidas con frecuencia a la excesiva fibrosidad de la madera en el punto de rotura.<\/p>\n<p>Sin embargo, NO est\u00e1 sujeto a garant\u00eda debido a su mala conservaci\u00f3n.<\/p>\n<p>&nbsp;<\/p>\n","protected":false},"excerpt":{"rendered":"<p>Raquetas de madera de roble dise\u00f1adas para mejorar la t\u00e9cnica de juego del p\u00e1del. Las tres dimensiones incluidas: Adultos Chicos Ni\u00f1os USO Y CONSERVACI\u00d3N Padel Wood es una raqueta de madera de roble, por lo que como cualquier objeto de madera, &#8220;sufre&#8221; los cambios de temperatura. Recomendamos guardar Padel Wood en un lugar seco, NO [&hellip;]<\/p>\n","protected":false},"featured_media":521,"template":"","meta":[],"product_cat":[21],"product_tag":[],"class_list":["post-520","product","type-product","status-publish","has-post-thumbnail","hentry","product_cat-racchette-e-gadget"],"_links":{"self":[{"href":"https:\/\/padelwood.it\/esp\/wp-json\/wp\/v2\/product\/520","targetHints":{"allow":["GET"]}}],"collection":[{"href":"https:\/\/padelwood.it\/esp\/wp-json\/wp\/v2\/product"}],"about":[{"href":"https:\/\/padelwood.it\/esp\/wp-json\/wp\/v2\/types\/product"}],"wp:featuredmedia":[{"embeddable":true,"href":"https:\/\/padelwood.it\/esp\/wp-json\/wp\/v2\/media\/521"}],"wp:attachment":[{"href":"https:\/\/padelwood.it\/esp\/wp-json\/wp\/v2\/media?parent=520"}],"wp:term":[{"taxonomy":"product_cat","embeddable":true,"href":"https:\/\/padelwood.it\/esp\/wp-json\/wp\/v2\/product_cat?post=520"},{"taxonomy":"product_tag","embeddable":true,"href":"https:\/\/padelwood.it\/esp\/wp-json\/wp\/v2\/product_tag?post=520"}],"curies":[{"name":"wp","href":"https:\/\/api.w.org\/{rel}","templated":true}]}}