{"id":530,"date":"2022-12-21T12:18:43","date_gmt":"2022-12-21T12:18:43","guid":{"rendered":"https:\/\/padelwood.it\/?post_type=product&#038;p=530"},"modified":"2023-04-24T15:53:48","modified_gmt":"2023-04-24T15:53:48","slug":"corso-online-padel-colpi-speciali","status":"publish","type":"product","link":"https:\/\/padelwood.it\/esp\/prodotto\/corso-online-padel-colpi-speciali\/","title":{"rendered":"Progresi\u00f3n did\u00e1ctica del p\u00e1del (trazos especiales)"},"content":{"rendered":"<p>Para convertirte en un profesor completo y experimentado, y para ayudar a tus estudiantes a convertirse en jugadores experimentados, necesitar\u00e1s adquirir la mejor informaci\u00f3n sobre \u201cGOLPES ESPECIALES\u201d para expandir tu equipaje t\u00e9cnico y poder transferirlo mejor.<br \/>\nPor esta raz\u00f3n, puede utilizar la progresi\u00f3n educativa en los TRAZOS ESPECIALES, y la ense\u00f1anza t\u00e9cnica de los disparos, no tendr\u00e1 para usted m\u00e1s secretos!<\/p>\n","protected":false},"excerpt":{"rendered":"<p>Para convertirte en un profesor completo y experimentado, y para ayudar a tus estudiantes a convertirse en jugadores experimentados, necesitar\u00e1s adquirir la mejor informaci\u00f3n sobre \u201cGOLPES ESPECIALES\u201d para expandir tu equipaje t\u00e9cnico y poder transferirlo mejor. Por esta raz\u00f3n, puede utilizar la progresi\u00f3n educativa en los TRAZOS ESPECIALES, y la ense\u00f1anza t\u00e9cnica de los disparos, [&hellip;]<\/p>\n","protected":false},"featured_media":0,"template":"","meta":[],"product_cat":[22],"product_tag":[],"class_list":["post-530","product","type-product","status-publish","hentry","product_cat-corsi"],"_links":{"self":[{"href":"https:\/\/padelwood.it\/esp\/wp-json\/wp\/v2\/product\/530","targetHints":{"allow":["GET"]}}],"collection":[{"href":"https:\/\/padelwood.it\/esp\/wp-json\/wp\/v2\/product"}],"about":[{"href":"https:\/\/padelwood.it\/esp\/wp-json\/wp\/v2\/types\/product"}],"wp:attachment":[{"href":"https:\/\/padelwood.it\/esp\/wp-json\/wp\/v2\/media?parent=530"}],"wp:term":[{"taxonomy":"product_cat","embeddable":true,"href":"https:\/\/padelwood.it\/esp\/wp-json\/wp\/v2\/product_cat?post=530"},{"taxonomy":"product_tag","embeddable":true,"href":"https:\/\/padelwood.it\/esp\/wp-json\/wp\/v2\/product_tag?post=530"}],"curies":[{"name":"wp","href":"https:\/\/api.w.org\/{rel}","templated":true}]}}